{"id":454,"date":"2020-11-04T13:36:41","date_gmt":"2020-11-04T11:36:41","guid":{"rendered":"https:\/\/maslatimba.com\/lhuile\/"},"modified":"2022-11-14T12:44:14","modified_gmt":"2022-11-14T10:44:14","slug":"lhuile","status":"publish","type":"page","link":"https:\/\/maslatimba.com\/fr\/lhuile\/","title":{"rendered":"L\u2019huile"},"content":{"rendered":"<p><div class=\"fusion-fullwidth fullwidth-box fusion-builder-row-1 fusion-flex-container nonhundred-percent-fullwidth hundred-percent-height non-hundred-percent-height-scrolling\" style=\"--awb-border-radius-top-left:0px;--awb-border-radius-top-right:0px;--awb-border-radius-bottom-right:0px;--awb-border-radius-bottom-left:0px;--awb-flex-wrap:wrap;\" ><div class=\"fusion-builder-row fusion-row fusion-flex-align-items-flex-start fusion-flex-align-content-center fusion-flex-content-wrap\" style=\"max-width:calc( 1200px + 0px );margin-left: calc(-0px \/ 2 );margin-right: calc(-0px \/ 2 );\"><div class=\"fusion-layout-column fusion_builder_column fusion-builder-column-0 fusion_builder_column_1_2 1_2 fusion-flex-column fusion-flex-align-self-center fusion-animated\" style=\"--awb-padding-top:15px;--awb-padding-right:15px;--awb-padding-bottom:15px;--awb-padding-left:15px;--awb-bg-size:cover;--awb-width-large:50%;--awb-margin-top-large:0px;--awb-spacing-right-large:calc( 0.04 * calc( 100% - 0px ) );--awb-margin-bottom-large:0px;--awb-spacing-left-large:0px;--awb-width-medium:50%;--awb-spacing-right-medium:calc( 0.04 * calc( 100% - 0px ) );--awb-spacing-left-medium:0px;--awb-width-small:100%;--awb-spacing-right-small:0px;--awb-spacing-left-small:0px;\" data-animationType=\"slideInLeft\" data-animationDuration=\"2.0\" data-animationOffset=\"top-into-view\"><div class=\"fusion-column-wrapper fusion-flex-justify-content-center fusion-content-layout-column\"><div class=\"fusion-image-element \" style=\"text-align:center;--awb-caption-title-font-family:var(--h2_typography-font-family);--awb-caption-title-font-weight:var(--h2_typography-font-weight);--awb-caption-title-font-style:var(--h2_typography-font-style);--awb-caption-title-size:var(--h2_typography-font-size);--awb-caption-title-transform:var(--h2_typography-text-transform);--awb-caption-title-line-height:var(--h2_typography-line-height);--awb-caption-title-letter-spacing:var(--h2_typography-letter-spacing);\"><span class=\" fusion-imageframe imageframe-none imageframe-1 hover-type-none\" style=\"border-radius:300PX;\"><img decoding=\"async\" width=\"1800\" height=\"1200\" src=\"https:\/\/maslatimba.com\/wp-content\/uploads\/2020\/11\/OLI.jpg\" alt class=\"img-responsive wp-image-410\" srcset=\"https:\/\/maslatimba.com\/wp-content\/uploads\/2020\/11\/OLI-200x133.jpg 200w, https:\/\/maslatimba.com\/wp-content\/uploads\/2020\/11\/OLI-400x267.jpg 400w, https:\/\/maslatimba.com\/wp-content\/uploads\/2020\/11\/OLI-600x400.jpg 600w, https:\/\/maslatimba.com\/wp-content\/uploads\/2020\/11\/OLI-800x533.jpg 800w, https:\/\/maslatimba.com\/wp-content\/uploads\/2020\/11\/OLI-1200x800.jpg 1200w, https:\/\/maslatimba.com\/wp-content\/uploads\/2020\/11\/OLI.jpg 1800w\" sizes=\"(max-width: 640px) 100vw, 600px\" \/><\/span><\/div><\/div><\/div><div class=\"fusion-layout-column fusion_builder_column fusion-builder-column-1 fusion_builder_column_1_2 1_2 fusion-flex-column fusion-flex-align-self-center fusion-animated\" style=\"--awb-padding-top:15px;--awb-padding-right:15px;--awb-padding-bottom:15px;--awb-padding-left:15px;--awb-bg-size:cover;--awb-width-large:50%;--awb-margin-top-large:0px;--awb-spacing-right-large:29px;--awb-margin-bottom-large:0px;--awb-spacing-left-large:30px;--awb-width-medium:50%;--awb-spacing-right-medium:29px;--awb-spacing-left-medium:30px;--awb-width-small:100%;--awb-spacing-right-small:0px;--awb-spacing-left-small:0px;\" data-animationType=\"slideInRight\" data-animationDuration=\"2.0\" data-animationOffset=\"top-into-view\"><div class=\"fusion-column-wrapper fusion-flex-justify-content-center fusion-content-layout-column\"><div class=\"fusion-text fusion-text-1\"><p><span style=\"color: #9da53a; font-size: 19px;\" data-fusion-font=\"true\">L\u2019huile d\u2019olive<\/span><span style=\"font-size: 19px;\" data-fusion-font=\"true\"> vierge extra Mas la Timba est un produit 100 % naturel, obtenu directement gr\u00e2ce \u00e0 la technique de l\u2019extraction en froid. Il s\u2019agit du jus de l\u2019olive sans additifs, conservateurs ni colorants. Cette olive est cultiv\u00e9e dans la zone de <\/span><span style=\"color: #9da53a;\"><span style=\"font-size: 19px;\" data-fusion-font=\"true\">Riudoms<\/span><\/span>, <span style=\"font-size: 19px;\" data-fusion-font=\"true\">situ\u00e9 dans le Baix Camp, o\u00f9 nous prenons soin de la mati\u00e8re premi\u00e8re tout en veillant aux besoins du fruit afin d\u2019obtenir sa meilleure qualit\u00e9.<\/span><\/p>\n<\/div><\/div><\/div><\/div><\/div><div class=\"fusion-fullwidth fullwidth-box fusion-builder-row-2 fusion-flex-container nonhundred-percent-fullwidth hundred-percent-height non-hundred-percent-height-scrolling\" style=\"--awb-border-radius-top-left:0px;--awb-border-radius-top-right:0px;--awb-border-radius-bottom-right:0px;--awb-border-radius-bottom-left:0px;--awb-background-color:#1b2703;--awb-flex-wrap:wrap;\" ><div class=\"fusion-builder-row fusion-row fusion-flex-align-items-center fusion-flex-align-content-center fusion-flex-content-wrap\" style=\"max-width:calc( 1200px + 0px );margin-left: calc(-0px \/ 2 );margin-right: calc(-0px \/ 2 );\"><div class=\"fusion-layout-column fusion_builder_column fusion-builder-column-2 fusion_builder_column_1_2 1_2 fusion-flex-column fusion-animated\" style=\"--awb-padding-top:15px;--awb-padding-right:15px;--awb-padding-bottom:15px;--awb-padding-left:15px;--awb-bg-size:cover;--awb-width-large:50%;--awb-margin-top-large:0px;--awb-spacing-right-large:calc( 0.04 * calc( 100% - 0px ) );--awb-margin-bottom-large:0px;--awb-spacing-left-large:0px;--awb-width-medium:50%;--awb-spacing-right-medium:calc( 0.04 * calc( 100% - 0px ) );--awb-spacing-left-medium:0px;--awb-width-small:100%;--awb-spacing-right-small:0px;--awb-spacing-left-small:0px;\" data-animationType=\"slideInLeft\" data-animationDuration=\"2.0\" data-animationOffset=\"top-into-view\"><div class=\"fusion-column-wrapper fusion-flex-justify-content-flex-start fusion-content-layout-column\"><div class=\"fusion-text fusion-text-2\" style=\"--awb-text-color:#ffffff;\"><p style=\"font-size: 19px;\" data-fusion-font=\"true\">Durant les mois de septembre et d\u2019octobre, nous commen\u00e7ons la r\u00e9colte des <span style=\"color: #9da53a;\">olives arbequines<\/span> dans nos terrains. Puis, elles sont amen\u00e9es au moulin. Une fois arriv\u00e9es, nous proc\u00e9dons \u00e0 la s\u00e9paration des feuilles et d\u2019olives pour, ensuite, les laver. Finalement, nous pressons les olives pour lib\u00e9rer la partie liquide et nous s\u00e9parons donc la partie solide des autres \u00e9l\u00e9ments afin d\u2019obtenir, petit \u00e0 petit, l\u2019huile d\u2019olive.<\/p>\n<\/div><\/div><\/div><div class=\"fusion-layout-column fusion_builder_column fusion-builder-column-3 fusion_builder_column_1_2 1_2 fusion-flex-column fusion-animated\" style=\"--awb-padding-top:15px;--awb-padding-right:15px;--awb-padding-bottom:15px;--awb-padding-left:15px;--awb-bg-size:cover;--awb-width-large:50%;--awb-margin-top-large:0px;--awb-spacing-right-large:0px;--awb-margin-bottom-large:0px;--awb-spacing-left-large:calc( 0.04 * calc( 100% - 0px ) );--awb-width-medium:50%;--awb-spacing-right-medium:0px;--awb-spacing-left-medium:calc( 0.04 * calc( 100% - 0px ) );--awb-width-small:100%;--awb-spacing-right-small:0px;--awb-spacing-left-small:0px;\" data-animationType=\"slideInRight\" data-animationDuration=\"2.0\" data-animationOffset=\"top-into-view\"><div class=\"fusion-column-wrapper fusion-flex-justify-content-flex-start fusion-content-layout-column\"><div class=\"fusion-image-element \" style=\"--awb-caption-title-font-family:var(--h2_typography-font-family);--awb-caption-title-font-weight:var(--h2_typography-font-weight);--awb-caption-title-font-style:var(--h2_typography-font-style);--awb-caption-title-size:var(--h2_typography-font-size);--awb-caption-title-transform:var(--h2_typography-text-transform);--awb-caption-title-line-height:var(--h2_typography-line-height);--awb-caption-title-letter-spacing:var(--h2_typography-letter-spacing);\"><span class=\" fusion-imageframe imageframe-none imageframe-2 hover-type-zoomin\" style=\"border-radius:300px;\"><a href=\"https:\/\/maslatimba.com\/wp-content\/uploads\/2020\/11\/Mas-la-Timba-olives.jpg\" class=\"fusion-lightbox\" data-rel=\"iLightbox[732d3a009fd1ae76859]\" data-title=\"Mas la Timba olives\" title=\"Mas la Timba olives\"><img decoding=\"async\" width=\"1600\" height=\"1067\" src=\"https:\/\/maslatimba.com\/wp-content\/uploads\/2020\/11\/Mas-la-Timba-olives.jpg\" alt class=\"img-responsive wp-image-418\" srcset=\"https:\/\/maslatimba.com\/wp-content\/uploads\/2020\/11\/Mas-la-Timba-olives-200x133.jpg 200w, https:\/\/maslatimba.com\/wp-content\/uploads\/2020\/11\/Mas-la-Timba-olives-400x267.jpg 400w, https:\/\/maslatimba.com\/wp-content\/uploads\/2020\/11\/Mas-la-Timba-olives-600x400.jpg 600w, https:\/\/maslatimba.com\/wp-content\/uploads\/2020\/11\/Mas-la-Timba-olives-800x534.jpg 800w, https:\/\/maslatimba.com\/wp-content\/uploads\/2020\/11\/Mas-la-Timba-olives-1200x800.jpg 1200w, https:\/\/maslatimba.com\/wp-content\/uploads\/2020\/11\/Mas-la-Timba-olives.jpg 1600w\" sizes=\"(max-width: 640px) 100vw, 600px\" \/><\/a><\/span><\/div><\/div><\/div><\/div><\/div><div class=\"fusion-bg-parallax\" data-bg-align=\"center center\" data-direction=\"up\" data-mute=\"false\" data-opacity=\"100\" data-velocity=\"-0.6\" data-mobile-enabled=\"false\" data-break_parents=\"0\" data-bg-image=\"http:\/\/maslatimba.com\/wp-content\/uploads\/2020\/11\/FONS-OLI.jpg\" data-bg-repeat=\"false\" ><\/div><div class=\"fusion-fullwidth fullwidth-box fusion-builder-row-3 fusion-flex-container fusion-parallax-up nonhundred-percent-fullwidth hundred-percent-height non-hundred-percent-height-scrolling\" style=\"--awb-border-radius-top-left:0px;--awb-border-radius-top-right:0px;--awb-border-radius-bottom-right:0px;--awb-border-radius-bottom-left:0px;--awb-background-image:url(&quot;http:\/\/maslatimba.com\/wp-content\/uploads\/2020\/11\/FONS-OLI.jpg&quot;);--awb-background-size:cover;--awb-flex-wrap:wrap;\" ><div class=\"fusion-builder-row fusion-row fusion-flex-align-items-center fusion-flex-align-content-center fusion-flex-justify-content-center fusion-flex-content-wrap\" style=\"max-width:calc( 1200px + 0px );margin-left: calc(-0px \/ 2 );margin-right: calc(-0px \/ 2 );\"><div class=\"fusion-layout-column fusion_builder_column fusion-builder-column-4 fusion_builder_column_3_5 3_5 fusion-flex-column fusion-flex-align-self-center\" style=\"--awb-padding-top:50px;--awb-padding-right:15px;--awb-padding-bottom:50px;--awb-padding-left:15px;--awb-bg-size:cover;--awb-width-large:60%;--awb-margin-top-large:0px;--awb-spacing-right-large:0px;--awb-margin-bottom-large:0px;--awb-spacing-left-large:0px;--awb-width-medium:60%;--awb-spacing-right-medium:0px;--awb-spacing-left-medium:0px;--awb-width-small:100%;--awb-spacing-right-small:0px;--awb-spacing-left-small:0px;\"><div class=\"fusion-column-wrapper fusion-flex-justify-content-center fusion-content-layout-column\"><div class=\"fusion-text fusion-text-3\" style=\"--awb-text-color:#ffffff;\"><p style=\"font-size: 19px;\" data-fusion-font=\"true\">Cette huile est enti\u00e8rement obtenue \u00e0 l\u2019aide de processus m\u00e9caniques. Nous contr\u00f4lons la temp\u00e9rature, la vitesse et les temps de battu n\u00e9cessaires pour l\u2019obtention de ce que l\u2019on appelle \u00abor liquide\u00bb. Une fois obtenu ce liquide nous le filtrons pour s\u00e9parer la partie liquide de la solide et nous aurons obtenu le produit final, l\u2019huile d\u2019olive vierge extra.<\/p>\n<\/div><\/div><\/div><\/div><\/div><div class=\"fusion-fullwidth fullwidth-box fusion-builder-row-4 fusion-flex-container nonhundred-percent-fullwidth hundred-percent-height non-hundred-percent-height-scrolling\" style=\"--awb-border-radius-top-left:0px;--awb-border-radius-top-right:0px;--awb-border-radius-bottom-right:0px;--awb-border-radius-bottom-left:0px;--awb-flex-wrap:wrap;\" ><div class=\"fusion-builder-row fusion-row fusion-flex-align-items-center fusion-flex-align-content-center fusion-flex-content-wrap\" style=\"max-width:calc( 1200px + 0px );margin-left: calc(-0px \/ 2 );margin-right: calc(-0px \/ 2 );\"><div class=\"fusion-layout-column fusion_builder_column fusion-builder-column-5 fusion_builder_column_1_2 1_2 fusion-flex-column fusion-animated\" style=\"--awb-padding-top:15px;--awb-padding-right:15px;--awb-padding-bottom:15px;--awb-padding-left:15px;--awb-bg-size:cover;--awb-width-large:50%;--awb-margin-top-large:0px;--awb-spacing-right-large:calc( 0.04 * calc( 100% - 0px ) );--awb-margin-bottom-large:0px;--awb-spacing-left-large:0px;--awb-width-medium:50%;--awb-spacing-right-medium:calc( 0.04 * calc( 100% - 0px ) );--awb-spacing-left-medium:0px;--awb-width-small:100%;--awb-spacing-right-small:0px;--awb-spacing-left-small:0px;\" data-animationType=\"slideInLeft\" data-animationDuration=\"2.0\" data-animationOffset=\"top-into-view\"><div class=\"fusion-column-wrapper fusion-flex-justify-content-flex-start fusion-content-layout-column\"><div class=\"fusion-image-element \" style=\"--awb-caption-title-font-family:var(--h2_typography-font-family);--awb-caption-title-font-weight:var(--h2_typography-font-weight);--awb-caption-title-font-style:var(--h2_typography-font-style);--awb-caption-title-size:var(--h2_typography-font-size);--awb-caption-title-transform:var(--h2_typography-text-transform);--awb-caption-title-line-height:var(--h2_typography-line-height);--awb-caption-title-letter-spacing:var(--h2_typography-letter-spacing);\"><span class=\" fusion-imageframe imageframe-none imageframe-3 hover-type-zoomin\" style=\"border-radius:300px;\"><a href=\"https:\/\/maslatimba.com\/wp-content\/uploads\/2020\/11\/Botelles-Mas-La-Timba.jpg\" class=\"fusion-lightbox\" data-rel=\"iLightbox[77684d4fa914a64210b]\" data-title=\"Botelles Mas La Timba\" title=\"Botelles Mas La Timba\"><img decoding=\"async\" width=\"1600\" height=\"1067\" src=\"https:\/\/maslatimba.com\/wp-content\/uploads\/2020\/11\/Botelles-Mas-La-Timba.jpg\" alt class=\"img-responsive wp-image-420\" srcset=\"https:\/\/maslatimba.com\/wp-content\/uploads\/2020\/11\/Botelles-Mas-La-Timba-200x133.jpg 200w, https:\/\/maslatimba.com\/wp-content\/uploads\/2020\/11\/Botelles-Mas-La-Timba-400x267.jpg 400w, https:\/\/maslatimba.com\/wp-content\/uploads\/2020\/11\/Botelles-Mas-La-Timba-600x400.jpg 600w, https:\/\/maslatimba.com\/wp-content\/uploads\/2020\/11\/Botelles-Mas-La-Timba-800x534.jpg 800w, https:\/\/maslatimba.com\/wp-content\/uploads\/2020\/11\/Botelles-Mas-La-Timba-1200x800.jpg 1200w, https:\/\/maslatimba.com\/wp-content\/uploads\/2020\/11\/Botelles-Mas-La-Timba.jpg 1600w\" sizes=\"(max-width: 640px) 100vw, 600px\" \/><\/a><\/span><\/div><\/div><\/div><div class=\"fusion-layout-column fusion_builder_column fusion-builder-column-6 fusion_builder_column_1_2 1_2 fusion-flex-column fusion-animated\" style=\"--awb-padding-top:15px;--awb-padding-right:15px;--awb-padding-bottom:15px;--awb-padding-left:15px;--awb-bg-size:cover;--awb-width-large:50%;--awb-margin-top-large:0px;--awb-spacing-right-large:0px;--awb-margin-bottom-large:0px;--awb-spacing-left-large:calc( 0.04 * calc( 100% - 0px ) );--awb-width-medium:50%;--awb-spacing-right-medium:0px;--awb-spacing-left-medium:calc( 0.04 * calc( 100% - 0px ) );--awb-width-small:100%;--awb-spacing-right-small:0px;--awb-spacing-left-small:0px;\" data-animationType=\"slideInRight\" data-animationDuration=\"2.0\" data-animationOffset=\"top-into-view\"><div class=\"fusion-column-wrapper fusion-flex-justify-content-flex-start fusion-content-layout-column\"><div class=\"fusion-text fusion-text-4\"><p><span style=\"color: var(--body_typography-color); font-family: var(--body_typography-font-family); font-size: 19px; font-style: var(--body_typography-font-style,normal); letter-spacing: var(--body_typography-letter-spacing);\" data-fusion-font=\"true\">Finalement, il passera aux processus d\u2019embouteillage et d\u2019\u00e9tiquetage. <\/span><\/p>\n<p><span style=\"color: var(--body_typography-color); font-family: var(--body_typography-font-family); font-size: 19px; font-style: var(--body_typography-font-style,normal); letter-spacing: var(--body_typography-letter-spacing);\" data-fusion-font=\"true\">De l\u00e0 sortira notre d\u00e9nomm\u00e9 <a href=\"https:\/\/maslatimba.com\/botiga\/\"><span style=\"color: #9da53a;\">Oli del Mas la Timba.<\/span><\/a><\/span><\/p>\n<p style=\"font-size: 19px;\" data-fusion-font=\"true\">Le r\u00e9sultat final sera donc une huile d\u2019olive arbequine, provenant d\u2019une minutieuse \u00e9laboration, avec sa verdure qui la caract\u00e9rise.<\/p>\n<\/div><\/div><\/div><\/div><\/div><\/p>\n","protected":false},"excerpt":{"rendered":"","protected":false},"author":1,"featured_media":420,"parent":0,"menu_order":0,"comment_status":"closed","ping_status":"closed","template":"100-width.php","meta":{"footnotes":""},"class_list":["post-454","page","type-page","status-publish","has-post-thumbnail","hentry"],"yoast_head":"<!-- This site is optimized with the Yoast SEO plugin v23.3 - https:\/\/yoast.com\/wordpress\/plugins\/seo\/ -->\n<title>L\u2019huile - Mas La Timba Huile d&#039;olive extra vierge Tarragona<\/title>\n<meta name=\"description\" content=\"L\u2019huile d\u2019olive vierge extra Mas la Timba est un produit 100 % naturel, obtenu directement gr\u00e2ce \u00e0 la technique de l\u2019extraction en froid.\" \/>\n<meta name=\"robots\" content=\"index, follow, max-snippet:-1, max-image-preview:large, max-video-preview:-1\" \/>\n<link rel=\"canonical\" href=\"https:\/\/maslatimba.com\/fr\/lhuile\/\" \/>\n<meta property=\"og:locale\" content=\"fr_FR\" \/>\n<meta property=\"og:type\" content=\"article\" \/>\n<meta property=\"og:title\" content=\"L\u2019huile - Mas La Timba Huile d&#039;olive extra vierge Tarragona\" \/>\n<meta property=\"og:description\" content=\"L\u2019huile d\u2019olive vierge extra Mas la Timba est un produit 100 % naturel, obtenu directement gr\u00e2ce \u00e0 la technique de l\u2019extraction en froid.\" \/>\n<meta property=\"og:url\" content=\"https:\/\/maslatimba.com\/fr\/lhuile\/\" \/>\n<meta property=\"og:site_name\" content=\"Mas La Timba\" \/>\n<meta property=\"article:modified_time\" content=\"2022-11-14T10:44:14+00:00\" \/>\n<meta property=\"og:image\" content=\"https:\/\/maslatimba.com\/wp-content\/uploads\/2020\/11\/Botelles-Mas-La-Timba.jpg\" \/>\n\t<meta property=\"og:image:width\" content=\"1600\" \/>\n\t<meta property=\"og:image:height\" content=\"1067\" \/>\n\t<meta property=\"og:image:type\" content=\"image\/jpeg\" \/>\n<meta name=\"twitter:card\" content=\"summary_large_image\" \/>\n<meta name=\"twitter:label1\" content=\"Dur\u00e9e de lecture estim\u00e9e\" \/>\n\t<meta name=\"twitter:data1\" content=\"8 minutes\" \/>\n<script type=\"application\/ld+json\" class=\"yoast-schema-graph\">{\"@context\":\"https:\/\/schema.org\",\"@graph\":[{\"@type\":\"WebPage\",\"@id\":\"https:\/\/maslatimba.com\/fr\/lhuile\/\",\"url\":\"https:\/\/maslatimba.com\/fr\/lhuile\/\",\"name\":\"L\u2019huile - Mas La Timba Huile d'olive extra vierge Tarragona\",\"isPartOf\":{\"@id\":\"https:\/\/maslatimba.com\/fr\/#website\"},\"primaryImageOfPage\":{\"@id\":\"https:\/\/maslatimba.com\/fr\/lhuile\/#primaryimage\"},\"image\":{\"@id\":\"https:\/\/maslatimba.com\/fr\/lhuile\/#primaryimage\"},\"thumbnailUrl\":\"https:\/\/maslatimba.com\/wp-content\/uploads\/2020\/11\/Botelles-Mas-La-Timba.jpg\",\"datePublished\":\"2020-11-04T11:36:41+00:00\",\"dateModified\":\"2022-11-14T10:44:14+00:00\",\"description\":\"L\u2019huile d\u2019olive vierge extra Mas la Timba est un produit 100 % naturel, obtenu directement gr\u00e2ce \u00e0 la technique de l\u2019extraction en froid.\",\"breadcrumb\":{\"@id\":\"https:\/\/maslatimba.com\/fr\/lhuile\/#breadcrumb\"},\"inLanguage\":\"fr-FR\",\"potentialAction\":[{\"@type\":\"ReadAction\",\"target\":[\"https:\/\/maslatimba.com\/fr\/lhuile\/\"]}]},{\"@type\":\"ImageObject\",\"inLanguage\":\"fr-FR\",\"@id\":\"https:\/\/maslatimba.com\/fr\/lhuile\/#primaryimage\",\"url\":\"https:\/\/maslatimba.com\/wp-content\/uploads\/2020\/11\/Botelles-Mas-La-Timba.jpg\",\"contentUrl\":\"https:\/\/maslatimba.com\/wp-content\/uploads\/2020\/11\/Botelles-Mas-La-Timba.jpg\",\"width\":1600,\"height\":1067},{\"@type\":\"BreadcrumbList\",\"@id\":\"https:\/\/maslatimba.com\/fr\/lhuile\/#breadcrumb\",\"itemListElement\":[{\"@type\":\"ListItem\",\"position\":1,\"name\":\"Inici\",\"item\":\"https:\/\/maslatimba.com\/fr\/accueil\/\"},{\"@type\":\"ListItem\",\"position\":2,\"name\":\"L\u2019huile\"}]},{\"@type\":\"WebSite\",\"@id\":\"https:\/\/maslatimba.com\/fr\/#website\",\"url\":\"https:\/\/maslatimba.com\/fr\/\",\"name\":\"Mas La Timba\",\"description\":\"L\u2019oli d\u2019oliva verge extra Mas La Timba \u00e9s un producte 100% natural, obtingut directament per extracci\u00f3 en fred.\",\"publisher\":{\"@id\":\"https:\/\/maslatimba.com\/fr\/#organization\"},\"potentialAction\":[{\"@type\":\"SearchAction\",\"target\":{\"@type\":\"EntryPoint\",\"urlTemplate\":\"https:\/\/maslatimba.com\/fr\/?s={search_term_string}\"},\"query-input\":\"required name=search_term_string\"}],\"inLanguage\":\"fr-FR\"},{\"@type\":\"Organization\",\"@id\":\"https:\/\/maslatimba.com\/fr\/#organization\",\"name\":\"Mas La Timba\",\"url\":\"https:\/\/maslatimba.com\/fr\/\",\"logo\":{\"@type\":\"ImageObject\",\"inLanguage\":\"fr-FR\",\"@id\":\"https:\/\/maslatimba.com\/fr\/#\/schema\/logo\/image\/\",\"url\":\"https:\/\/maslatimba.com\/wp-content\/uploads\/2020\/10\/Recurso-5.png\",\"contentUrl\":\"https:\/\/maslatimba.com\/wp-content\/uploads\/2020\/10\/Recurso-5.png\",\"width\":400,\"height\":400,\"caption\":\"Mas La Timba\"},\"image\":{\"@id\":\"https:\/\/maslatimba.com\/fr\/#\/schema\/logo\/image\/\"},\"sameAs\":[\"https:\/\/www.instagram.com\/olimaslatimba\/\"]}]}<\/script>\n<!-- \/ Yoast SEO plugin. -->","yoast_head_json":{"title":"L\u2019huile - Mas La Timba Huile d'olive extra vierge Tarragona","description":"L\u2019huile d\u2019olive vierge extra Mas la Timba est un produit 100 % naturel, obtenu directement gr\u00e2ce \u00e0 la technique de l\u2019extraction en froid.","robots":{"index":"index","follow":"follow","max-snippet":"max-snippet:-1","max-image-preview":"max-image-preview:large","max-video-preview":"max-video-preview:-1"},"canonical":"https:\/\/maslatimba.com\/fr\/lhuile\/","og_locale":"fr_FR","og_type":"article","og_title":"L\u2019huile - Mas La Timba Huile d'olive extra vierge Tarragona","og_description":"L\u2019huile d\u2019olive vierge extra Mas la Timba est un produit 100 % naturel, obtenu directement gr\u00e2ce \u00e0 la technique de l\u2019extraction en froid.","og_url":"https:\/\/maslatimba.com\/fr\/lhuile\/","og_site_name":"Mas La Timba","article_modified_time":"2022-11-14T10:44:14+00:00","og_image":[{"width":1600,"height":1067,"url":"https:\/\/maslatimba.com\/wp-content\/uploads\/2020\/11\/Botelles-Mas-La-Timba.jpg","type":"image\/jpeg"}],"twitter_card":"summary_large_image","twitter_misc":{"Dur\u00e9e de lecture estim\u00e9e":"8 minutes"},"schema":{"@context":"https:\/\/schema.org","@graph":[{"@type":"WebPage","@id":"https:\/\/maslatimba.com\/fr\/lhuile\/","url":"https:\/\/maslatimba.com\/fr\/lhuile\/","name":"L\u2019huile - Mas La Timba Huile d'olive extra vierge Tarragona","isPartOf":{"@id":"https:\/\/maslatimba.com\/fr\/#website"},"primaryImageOfPage":{"@id":"https:\/\/maslatimba.com\/fr\/lhuile\/#primaryimage"},"image":{"@id":"https:\/\/maslatimba.com\/fr\/lhuile\/#primaryimage"},"thumbnailUrl":"https:\/\/maslatimba.com\/wp-content\/uploads\/2020\/11\/Botelles-Mas-La-Timba.jpg","datePublished":"2020-11-04T11:36:41+00:00","dateModified":"2022-11-14T10:44:14+00:00","description":"L\u2019huile d\u2019olive vierge extra Mas la Timba est un produit 100 % naturel, obtenu directement gr\u00e2ce \u00e0 la technique de l\u2019extraction en froid.","breadcrumb":{"@id":"https:\/\/maslatimba.com\/fr\/lhuile\/#breadcrumb"},"inLanguage":"fr-FR","potentialAction":[{"@type":"ReadAction","target":["https:\/\/maslatimba.com\/fr\/lhuile\/"]}]},{"@type":"ImageObject","inLanguage":"fr-FR","@id":"https:\/\/maslatimba.com\/fr\/lhuile\/#primaryimage","url":"https:\/\/maslatimba.com\/wp-content\/uploads\/2020\/11\/Botelles-Mas-La-Timba.jpg","contentUrl":"https:\/\/maslatimba.com\/wp-content\/uploads\/2020\/11\/Botelles-Mas-La-Timba.jpg","width":1600,"height":1067},{"@type":"BreadcrumbList","@id":"https:\/\/maslatimba.com\/fr\/lhuile\/#breadcrumb","itemListElement":[{"@type":"ListItem","position":1,"name":"Inici","item":"https:\/\/maslatimba.com\/fr\/accueil\/"},{"@type":"ListItem","position":2,"name":"L\u2019huile"}]},{"@type":"WebSite","@id":"https:\/\/maslatimba.com\/fr\/#website","url":"https:\/\/maslatimba.com\/fr\/","name":"Mas La Timba","description":"L\u2019oli d\u2019oliva verge extra Mas La Timba \u00e9s un producte 100% natural, obtingut directament per extracci\u00f3 en fred.","publisher":{"@id":"https:\/\/maslatimba.com\/fr\/#organization"},"potentialAction":[{"@type":"SearchAction","target":{"@type":"EntryPoint","urlTemplate":"https:\/\/maslatimba.com\/fr\/?s={search_term_string}"},"query-input":"required name=search_term_string"}],"inLanguage":"fr-FR"},{"@type":"Organization","@id":"https:\/\/maslatimba.com\/fr\/#organization","name":"Mas La Timba","url":"https:\/\/maslatimba.com\/fr\/","logo":{"@type":"ImageObject","inLanguage":"fr-FR","@id":"https:\/\/maslatimba.com\/fr\/#\/schema\/logo\/image\/","url":"https:\/\/maslatimba.com\/wp-content\/uploads\/2020\/10\/Recurso-5.png","contentUrl":"https:\/\/maslatimba.com\/wp-content\/uploads\/2020\/10\/Recurso-5.png","width":400,"height":400,"caption":"Mas La Timba"},"image":{"@id":"https:\/\/maslatimba.com\/fr\/#\/schema\/logo\/image\/"},"sameAs":["https:\/\/www.instagram.com\/olimaslatimba\/"]}]}},"_links":{"self":[{"href":"https:\/\/maslatimba.com\/fr\/wp-json\/wp\/v2\/pages\/454"}],"collection":[{"href":"https:\/\/maslatimba.com\/fr\/wp-json\/wp\/v2\/pages"}],"about":[{"href":"https:\/\/maslatimba.com\/fr\/wp-json\/wp\/v2\/types\/page"}],"author":[{"embeddable":true,"href":"https:\/\/maslatimba.com\/fr\/wp-json\/wp\/v2\/users\/1"}],"replies":[{"embeddable":true,"href":"https:\/\/maslatimba.com\/fr\/wp-json\/wp\/v2\/comments?post=454"}],"version-history":[{"count":3,"href":"https:\/\/maslatimba.com\/fr\/wp-json\/wp\/v2\/pages\/454\/revisions"}],"predecessor-version":[{"id":457,"href":"https:\/\/maslatimba.com\/fr\/wp-json\/wp\/v2\/pages\/454\/revisions\/457"}],"wp:featuredmedia":[{"embeddable":true,"href":"https:\/\/maslatimba.com\/fr\/wp-json\/wp\/v2\/media\/420"}],"wp:attachment":[{"href":"https:\/\/maslatimba.com\/fr\/wp-json\/wp\/v2\/media?parent=454"}],"curies":[{"name":"wp","href":"https:\/\/api.w.org\/{rel}","templated":true}]}}