{"id":458,"date":"2020-11-04T13:34:57","date_gmt":"2020-11-04T11:34:57","guid":{"rendered":"https:\/\/maslatimba.com\/la-timba\/"},"modified":"2022-11-14T12:47:28","modified_gmt":"2022-11-14T10:47:28","slug":"la-timba","status":"publish","type":"page","link":"https:\/\/maslatimba.com\/fr\/la-timba\/","title":{"rendered":"La Timba"},"content":{"rendered":"<p><div class=\"fusion-fullwidth fullwidth-box fusion-builder-row-1 fusion-flex-container nonhundred-percent-fullwidth hundred-percent-height non-hundred-percent-height-scrolling\" style=\"--awb-border-radius-top-left:0px;--awb-border-radius-top-right:0px;--awb-border-radius-bottom-right:0px;--awb-border-radius-bottom-left:0px;--awb-flex-wrap:wrap;\" ><div class=\"fusion-builder-row fusion-row fusion-flex-align-items-flex-start fusion-flex-align-content-center fusion-flex-content-wrap\" style=\"max-width:calc( 1200px + 0px );margin-left: calc(-0px \/ 2 );margin-right: calc(-0px \/ 2 );\"><div class=\"fusion-layout-column fusion_builder_column fusion-builder-column-0 fusion_builder_column_1_2 1_2 fusion-flex-column\" style=\"--awb-padding-top:15px;--awb-padding-right:15px;--awb-padding-bottom:15px;--awb-padding-left:15px;--awb-bg-size:cover;--awb-width-large:50%;--awb-margin-top-large:0px;--awb-spacing-right-large:calc( 0.04 * calc( 100% - 0px ) );--awb-margin-bottom-large:0px;--awb-spacing-left-large:0px;--awb-width-medium:50%;--awb-spacing-right-medium:calc( 0.04 * calc( 100% - 0px ) );--awb-spacing-left-medium:0px;--awb-width-small:100%;--awb-spacing-right-small:0px;--awb-spacing-left-small:0px;\"><div class=\"fusion-column-wrapper fusion-flex-justify-content-flex-start fusion-content-layout-column\"><div class=\"fusion-image-element \" style=\"--awb-caption-title-font-family:var(--h2_typography-font-family);--awb-caption-title-font-weight:var(--h2_typography-font-weight);--awb-caption-title-font-style:var(--h2_typography-font-style);--awb-caption-title-size:var(--h2_typography-font-size);--awb-caption-title-transform:var(--h2_typography-text-transform);--awb-caption-title-line-height:var(--h2_typography-line-height);--awb-caption-title-letter-spacing:var(--h2_typography-letter-spacing);\"><span class=\" fusion-imageframe imageframe-none imageframe-1 hover-type-zoomin fusion-animated\" style=\"border-radius:300px;\" data-animationType=\"slideInLeft\" data-animationDuration=\"2.0\" data-animationOffset=\"top-into-view\"><a href=\"http:\/\/maslatimba.com\/wp-content\/uploads\/2020\/11\/Mas-la-timba-600x400.jpg\" class=\"fusion-lightbox\" data-rel=\"iLightbox[908a0c6b8dadf06db3b]\" data-title=\"Mas la timba\" title=\"Mas la timba\"><img decoding=\"async\" width=\"600\" height=\"400\" src=\"http:\/\/maslatimba.com\/wp-content\/uploads\/2020\/11\/Mas-la-timba-600x400.jpg\" alt class=\"img-responsive wp-image-414\" srcset=\"https:\/\/maslatimba.com\/wp-content\/uploads\/2020\/11\/Mas-la-timba-200x133.jpg 200w, https:\/\/maslatimba.com\/wp-content\/uploads\/2020\/11\/Mas-la-timba-400x267.jpg 400w, https:\/\/maslatimba.com\/wp-content\/uploads\/2020\/11\/Mas-la-timba-600x400.jpg 600w, https:\/\/maslatimba.com\/wp-content\/uploads\/2020\/11\/Mas-la-timba-800x533.jpg 800w, https:\/\/maslatimba.com\/wp-content\/uploads\/2020\/11\/Mas-la-timba-1200x800.jpg 1200w, https:\/\/maslatimba.com\/wp-content\/uploads\/2020\/11\/Mas-la-timba.jpg 1800w\" sizes=\"(max-width: 640px) 100vw, 600px\" \/><\/a><\/span><\/div><\/div><\/div><div class=\"fusion-layout-column fusion_builder_column fusion-builder-column-1 fusion_builder_column_1_2 1_2 fusion-flex-column fusion-flex-align-self-center fusion-animated\" style=\"--awb-padding-top:15px;--awb-padding-right:15px;--awb-padding-bottom:15px;--awb-padding-left:15px;--awb-bg-size:cover;--awb-width-large:50%;--awb-margin-top-large:0px;--awb-spacing-right-large:0px;--awb-margin-bottom-large:0px;--awb-spacing-left-large:calc( 0.04 * calc( 100% - 0px ) );--awb-width-medium:50%;--awb-spacing-right-medium:0px;--awb-spacing-left-medium:calc( 0.04 * calc( 100% - 0px ) );--awb-width-small:100%;--awb-spacing-right-small:0px;--awb-spacing-left-small:0px;\" data-animationType=\"slideInRight\" data-animationDuration=\"2.0\" data-animationOffset=\"top-into-view\"><div class=\"fusion-column-wrapper fusion-flex-justify-content-flex-start fusion-content-layout-column\"><div class=\"fusion-text fusion-text-1\"><h6><span style=\"font-size: 19px; font-family: Montserrat;\" data-fusion-font=\"true\" data-fusion-google-font=\"Montserrat\" data-fusion-google-variant=\"400\">L\u2019origine de l\u2019huile<\/span> <span style=\"font-size: 19px; color: #9da53a; font-family: Montserrat;\" data-fusion-font=\"true\" data-fusion-google-font=\"Montserrat\" data-fusion-google-variant=\"400\">Mas la Timba<\/span><span style=\"font-size: 24px;\" data-fusion-font=\"true\"><span style=\"font-size: 19px; font-family: Montserrat;\" data-fusion-font=\"true\" data-fusion-google-font=\"Montserrat\" data-fusion-google-variant=\"400\"> est issu de la commune de Riudoms, o\u00f9 les fr\u00e8res Fabra-Gasc\u00f3 cultivent plusieurs terrains. C\u2019est dans ces terrains-ci que nous cueillons nos meilleurs olives arbequines pour obtenir la fameuse huile <\/span><span style=\"color: #9da53a; font-size: 19px; font-family: Montserrat;\" data-fusion-font=\"true\" data-fusion-google-font=\"Montserrat\" data-fusion-google-variant=\"400\">d\u2019olive vierge extra<\/span><span style=\"color: #9da53a; font-size: 19px; font-family: Montserrat;\" data-fusion-font=\"true\" data-fusion-google-font=\"Montserrat\" data-fusion-google-variant=\"400\">.<\/span><\/span><\/h6>\n<\/div><\/div><\/div><\/div><\/div><div class=\"fusion-bg-parallax\" data-bg-align=\"center center\" data-direction=\"up\" data-mute=\"false\" data-opacity=\"100\" data-velocity=\"-0.6\" data-mobile-enabled=\"false\" data-break_parents=\"0\" data-bg-image=\"http:\/\/maslatimba.com\/wp-content\/uploads\/2020\/11\/Fons-fusta-olives.jpg\" data-bg-repeat=\"false\" ><\/div><div class=\"fusion-fullwidth fullwidth-box fusion-builder-row-2 fusion-flex-container fusion-parallax-up nonhundred-percent-fullwidth hundred-percent-height non-hundred-percent-height-scrolling\" style=\"--awb-border-radius-top-left:0px;--awb-border-radius-top-right:0px;--awb-border-radius-bottom-right:0px;--awb-border-radius-bottom-left:0px;--awb-padding-right:0px;--awb-background-image:url(&quot;http:\/\/maslatimba.com\/wp-content\/uploads\/2020\/11\/Fons-fusta-olives.jpg&quot;);--awb-background-size:cover;--awb-flex-wrap:wrap;\" ><div class=\"fusion-builder-row fusion-row fusion-flex-align-items-flex-start fusion-flex-align-content-center fusion-flex-content-wrap\" style=\"max-width:calc( 1200px + 0px );margin-left: calc(-0px \/ 2 );margin-right: calc(-0px \/ 2 );\"><div class=\"fusion-layout-column fusion_builder_column fusion-builder-column-2 fusion_builder_column_1_2 1_2 fusion-flex-column fusion-animated\" style=\"--awb-padding-top:79px;--awb-padding-right:15px;--awb-padding-bottom:15px;--awb-padding-left:15px;--awb-bg-size:cover;--awb-width-large:50%;--awb-margin-top-large:0px;--awb-spacing-right-large:calc( 0.04 * calc( 100% - 0px ) );--awb-margin-bottom-large:0px;--awb-spacing-left-large:calc( 0.04 * calc( 100% - 0px ) );--awb-width-medium:50%;--awb-spacing-right-medium:calc( 0.04 * calc( 100% - 0px ) );--awb-spacing-left-medium:calc( 0.04 * calc( 100% - 0px ) );--awb-width-small:100%;--awb-spacing-right-small:0px;--awb-spacing-left-small:0px;\" data-animationType=\"slideInLeft\" data-animationDuration=\"2.0\" data-animationOffset=\"top-into-view\"><div class=\"fusion-column-wrapper fusion-flex-justify-content-flex-start fusion-content-layout-column\"><div class=\"fusion-text fusion-text-2\" style=\"--awb-text-color:#ffffff;\"><p style=\"font-size: 19px;\" data-fusion-font=\"true\"><span style=\"color: #9da53a;\">L\u2019\u00e9quipe<\/span> qui m\u00e8ne ce projet, bien que nouveau, compte avec une grande exp\u00e9rience dans le domaine de l\u2019ol\u00e9iculture, car depuis des d\u00e9cennies, elle cultive les oliviers ainsi que d\u2019autres produits du terroir.<\/p>\n<p style=\"font-size: 19px;\" data-fusion-font=\"true\">D\u00e9sormais, convaincus de ce projet, nous nous sommes aventur\u00e9s dans le monde de la <span style=\"color: #9da53a;\">production et de la vente de l\u2019huile.<\/span><\/p>\n<\/div><\/div><\/div><div class=\"fusion-layout-column fusion_builder_column fusion-builder-column-3 fusion_builder_column_1_2 1_2 fusion-flex-column fusion-animated\" style=\"--awb-padding-top:15px;--awb-padding-right:15px;--awb-padding-bottom:50px;--awb-padding-left:15px;--awb-bg-size:cover;--awb-width-large:50%;--awb-margin-top-large:0px;--awb-spacing-right-large:calc( 0.04 * calc( 100% - 0px ) );--awb-margin-bottom-large:0px;--awb-spacing-left-large:0px;--awb-width-medium:50%;--awb-spacing-right-medium:calc( 0.04 * calc( 100% - 0px ) );--awb-spacing-left-medium:0px;--awb-width-small:100%;--awb-spacing-right-small:0px;--awb-spacing-left-small:0px;\" data-animationType=\"slideInRight\" data-animationDuration=\"2.0\" data-animationOffset=\"top-into-view\"><div class=\"fusion-column-wrapper fusion-flex-justify-content-flex-start fusion-content-layout-column\"><div class=\"fusion-image-element \" style=\"text-align:center;--awb-max-width:150px;--awb-caption-title-font-family:var(--h2_typography-font-family);--awb-caption-title-font-weight:var(--h2_typography-font-weight);--awb-caption-title-font-style:var(--h2_typography-font-style);--awb-caption-title-size:var(--h2_typography-font-size);--awb-caption-title-transform:var(--h2_typography-text-transform);--awb-caption-title-line-height:var(--h2_typography-line-height);--awb-caption-title-letter-spacing:var(--h2_typography-letter-spacing);\"><span class=\" fusion-imageframe imageframe-none imageframe-2 hover-type-none\"><img decoding=\"async\" width=\"350\" height=\"618\" title=\"Vertical negatiu\" src=\"https:\/\/maslatimba.com\/wp-content\/uploads\/2020\/11\/Vertical-negatiu-1.png\" alt class=\"img-responsive wp-image-416\" srcset=\"https:\/\/maslatimba.com\/wp-content\/uploads\/2020\/11\/Vertical-negatiu-1-200x353.png 200w, https:\/\/maslatimba.com\/wp-content\/uploads\/2020\/11\/Vertical-negatiu-1.png 350w\" sizes=\"(max-width: 640px) 100vw, 350px\" \/><\/span><\/div><\/div><\/div><\/div><\/div><div class=\"fusion-fullwidth fullwidth-box fusion-builder-row-3 fusion-flex-container nonhundred-percent-fullwidth hundred-percent-height non-hundred-percent-height-scrolling\" style=\"--awb-border-radius-top-left:0px;--awb-border-radius-top-right:0px;--awb-border-radius-bottom-right:0px;--awb-border-radius-bottom-left:0px;--awb-flex-wrap:wrap;\" ><div class=\"fusion-builder-row fusion-row fusion-flex-align-items-flex-start fusion-flex-align-content-center fusion-flex-content-wrap\" style=\"max-width:calc( 1200px + 0px );margin-left: calc(-0px \/ 2 );margin-right: calc(-0px \/ 2 );\"><div class=\"fusion-layout-column fusion_builder_column fusion-builder-column-4 fusion_builder_column_1_2 1_2 fusion-flex-column fusion-animated\" style=\"--awb-padding-top:17px;--awb-padding-right:20px;--awb-padding-bottom:18px;--awb-padding-left:15px;--awb-bg-size:cover;--awb-width-large:50%;--awb-margin-top-large:0px;--awb-spacing-right-large:calc( 0.04 * calc( 100% - 0px ) );--awb-margin-bottom-large:0px;--awb-spacing-left-large:0px;--awb-width-medium:50%;--awb-spacing-right-medium:calc( 0.04 * calc( 100% - 0px ) );--awb-spacing-left-medium:0px;--awb-width-small:100%;--awb-spacing-right-small:0px;--awb-spacing-left-small:0px;\" data-animationType=\"slideInLeft\" data-animationDuration=\"2.0\" data-animationOffset=\"top-into-view\"><div class=\"fusion-column-wrapper fusion-flex-justify-content-flex-start fusion-content-layout-column\"><div class=\"fusion-image-element \" style=\"--awb-caption-title-font-family:var(--h2_typography-font-family);--awb-caption-title-font-weight:var(--h2_typography-font-weight);--awb-caption-title-font-style:var(--h2_typography-font-style);--awb-caption-title-size:var(--h2_typography-font-size);--awb-caption-title-transform:var(--h2_typography-text-transform);--awb-caption-title-line-height:var(--h2_typography-line-height);--awb-caption-title-letter-spacing:var(--h2_typography-letter-spacing);\"><span class=\" fusion-imageframe imageframe-none imageframe-3 hover-type-zoomin\" style=\"border-radius:300px;\"><a href=\"https:\/\/maslatimba.com\/wp-content\/uploads\/2020\/11\/Cel-mas-la-Timba.jpg\" class=\"fusion-lightbox\" data-rel=\"iLightbox[3b55fd4f0c4786f16e5]\" data-title=\"Cel mas la Timba\" title=\"Cel mas la Timba\"><img decoding=\"async\" width=\"1600\" height=\"1067\" src=\"https:\/\/maslatimba.com\/wp-content\/uploads\/2020\/11\/Cel-mas-la-Timba.jpg\" alt class=\"img-responsive wp-image-417\" srcset=\"https:\/\/maslatimba.com\/wp-content\/uploads\/2020\/11\/Cel-mas-la-Timba-200x133.jpg 200w, https:\/\/maslatimba.com\/wp-content\/uploads\/2020\/11\/Cel-mas-la-Timba-400x267.jpg 400w, https:\/\/maslatimba.com\/wp-content\/uploads\/2020\/11\/Cel-mas-la-Timba-600x400.jpg 600w, https:\/\/maslatimba.com\/wp-content\/uploads\/2020\/11\/Cel-mas-la-Timba-800x534.jpg 800w, https:\/\/maslatimba.com\/wp-content\/uploads\/2020\/11\/Cel-mas-la-Timba-1200x800.jpg 1200w, https:\/\/maslatimba.com\/wp-content\/uploads\/2020\/11\/Cel-mas-la-Timba.jpg 1600w\" sizes=\"(max-width: 640px) 100vw, 600px\" \/><\/a><\/span><\/div><\/div><\/div><div class=\"fusion-layout-column fusion_builder_column fusion-builder-column-5 fusion_builder_column_1_2 1_2 fusion-flex-column fusion-flex-align-self-center fusion-animated\" style=\"--awb-padding-top:15px;--awb-padding-right:15px;--awb-padding-bottom:15px;--awb-padding-left:15px;--awb-bg-size:cover;--awb-width-large:50%;--awb-margin-top-large:0px;--awb-spacing-right-large:0px;--awb-margin-bottom-large:0px;--awb-spacing-left-large:calc( 0.04 * calc( 100% - 0px ) );--awb-width-medium:50%;--awb-spacing-right-medium:0px;--awb-spacing-left-medium:calc( 0.04 * calc( 100% - 0px ) );--awb-width-small:100%;--awb-spacing-right-small:0px;--awb-spacing-left-small:0px;\" data-animationType=\"slideInRight\" data-animationDuration=\"2.0\" data-animationOffset=\"top-into-view\"><div class=\"fusion-column-wrapper fusion-flex-justify-content-flex-start fusion-content-layout-column\"><div class=\"fusion-text fusion-text-3\"><h6 class=\"fusion-responsive-typography-calculated\" style=\"--fontsize: 18; line-height: 1.5; --minfontsize: 18;\" data-fontsize=\"18\" data-lineheight=\"27px\"><span style=\"font-size: 22px;\" data-fusion-font=\"true\"><span style=\"font-family: Montserrat; font-weight: 400;\" data-fusion-font=\"true\" data-fusion-google-font=\"Montserrat\" data-fusion-google-variant=\"400\">Notre objectif est d\u2019obtenir le meilleur produit<\/span> <span style=\"color: #9da53a; font-family: Montserrat; font-weight: 400;\" data-fusion-font=\"true\" data-fusion-google-font=\"Montserrat\" data-fusion-google-variant=\"400\">possible tout<\/span> <span style=\"font-family: Montserrat; font-weight: 400;\" data-fusion-font=\"true\" data-fusion-google-font=\"Montserrat\" data-fusion-google-variant=\"400\">en respectant et prot\u00e9geant l\u2019environnement.<\/span><\/span><\/h6>\n<\/div><\/div><\/div><\/div><\/div><\/p>\n","protected":false},"excerpt":{"rendered":"","protected":false},"author":1,"featured_media":0,"parent":0,"menu_order":0,"comment_status":"closed","ping_status":"closed","template":"100-width.php","meta":{"footnotes":""},"class_list":["post-458","page","type-page","status-publish","hentry"],"yoast_head":"<!-- This site is optimized with the Yoast SEO plugin v23.3 - https:\/\/yoast.com\/wordpress\/plugins\/seo\/ -->\n<title>La Timba - Mas La Timba<\/title>\n<meta name=\"robots\" content=\"index, follow, max-snippet:-1, max-image-preview:large, max-video-preview:-1\" \/>\n<link rel=\"canonical\" href=\"https:\/\/maslatimba.com\/fr\/la-timba\/\" \/>\n<meta property=\"og:locale\" content=\"fr_FR\" \/>\n<meta property=\"og:type\" content=\"article\" \/>\n<meta property=\"og:title\" content=\"La Timba - Mas La Timba\" \/>\n<meta property=\"og:url\" content=\"https:\/\/maslatimba.com\/fr\/la-timba\/\" \/>\n<meta property=\"og:site_name\" content=\"Mas La Timba\" \/>\n<meta property=\"article:modified_time\" content=\"2022-11-14T10:47:28+00:00\" \/>\n<meta name=\"twitter:card\" content=\"summary_large_image\" \/>\n<meta name=\"twitter:label1\" content=\"Dur\u00e9e de lecture estim\u00e9e\" \/>\n\t<meta name=\"twitter:data1\" content=\"6 minutes\" \/>\n<script type=\"application\/ld+json\" class=\"yoast-schema-graph\">{\"@context\":\"https:\/\/schema.org\",\"@graph\":[{\"@type\":\"WebPage\",\"@id\":\"https:\/\/maslatimba.com\/fr\/la-timba\/\",\"url\":\"https:\/\/maslatimba.com\/fr\/la-timba\/\",\"name\":\"La Timba - Mas La Timba\",\"isPartOf\":{\"@id\":\"https:\/\/maslatimba.com\/fr\/#website\"},\"datePublished\":\"2020-11-04T11:34:57+00:00\",\"dateModified\":\"2022-11-14T10:47:28+00:00\",\"breadcrumb\":{\"@id\":\"https:\/\/maslatimba.com\/fr\/la-timba\/#breadcrumb\"},\"inLanguage\":\"fr-FR\",\"potentialAction\":[{\"@type\":\"ReadAction\",\"target\":[\"https:\/\/maslatimba.com\/fr\/la-timba\/\"]}]},{\"@type\":\"BreadcrumbList\",\"@id\":\"https:\/\/maslatimba.com\/fr\/la-timba\/#breadcrumb\",\"itemListElement\":[{\"@type\":\"ListItem\",\"position\":1,\"name\":\"Inici\",\"item\":\"https:\/\/maslatimba.com\/fr\/accueil\/\"},{\"@type\":\"ListItem\",\"position\":2,\"name\":\"La Timba\"}]},{\"@type\":\"WebSite\",\"@id\":\"https:\/\/maslatimba.com\/fr\/#website\",\"url\":\"https:\/\/maslatimba.com\/fr\/\",\"name\":\"Mas La Timba\",\"description\":\"L\u2019oli d\u2019oliva verge extra Mas La Timba \u00e9s un producte 100% natural, obtingut directament per extracci\u00f3 en fred.\",\"publisher\":{\"@id\":\"https:\/\/maslatimba.com\/fr\/#organization\"},\"potentialAction\":[{\"@type\":\"SearchAction\",\"target\":{\"@type\":\"EntryPoint\",\"urlTemplate\":\"https:\/\/maslatimba.com\/fr\/?s={search_term_string}\"},\"query-input\":\"required name=search_term_string\"}],\"inLanguage\":\"fr-FR\"},{\"@type\":\"Organization\",\"@id\":\"https:\/\/maslatimba.com\/fr\/#organization\",\"name\":\"Mas La Timba\",\"url\":\"https:\/\/maslatimba.com\/fr\/\",\"logo\":{\"@type\":\"ImageObject\",\"inLanguage\":\"fr-FR\",\"@id\":\"https:\/\/maslatimba.com\/fr\/#\/schema\/logo\/image\/\",\"url\":\"https:\/\/maslatimba.com\/wp-content\/uploads\/2020\/10\/Recurso-5.png\",\"contentUrl\":\"https:\/\/maslatimba.com\/wp-content\/uploads\/2020\/10\/Recurso-5.png\",\"width\":400,\"height\":400,\"caption\":\"Mas La Timba\"},\"image\":{\"@id\":\"https:\/\/maslatimba.com\/fr\/#\/schema\/logo\/image\/\"},\"sameAs\":[\"https:\/\/www.instagram.com\/olimaslatimba\/\"]}]}<\/script>\n<!-- \/ Yoast SEO plugin. -->","yoast_head_json":{"title":"La Timba - Mas La Timba","robots":{"index":"index","follow":"follow","max-snippet":"max-snippet:-1","max-image-preview":"max-image-preview:large","max-video-preview":"max-video-preview:-1"},"canonical":"https:\/\/maslatimba.com\/fr\/la-timba\/","og_locale":"fr_FR","og_type":"article","og_title":"La Timba - Mas La Timba","og_url":"https:\/\/maslatimba.com\/fr\/la-timba\/","og_site_name":"Mas La Timba","article_modified_time":"2022-11-14T10:47:28+00:00","twitter_card":"summary_large_image","twitter_misc":{"Dur\u00e9e de lecture estim\u00e9e":"6 minutes"},"schema":{"@context":"https:\/\/schema.org","@graph":[{"@type":"WebPage","@id":"https:\/\/maslatimba.com\/fr\/la-timba\/","url":"https:\/\/maslatimba.com\/fr\/la-timba\/","name":"La Timba - Mas La Timba","isPartOf":{"@id":"https:\/\/maslatimba.com\/fr\/#website"},"datePublished":"2020-11-04T11:34:57+00:00","dateModified":"2022-11-14T10:47:28+00:00","breadcrumb":{"@id":"https:\/\/maslatimba.com\/fr\/la-timba\/#breadcrumb"},"inLanguage":"fr-FR","potentialAction":[{"@type":"ReadAction","target":["https:\/\/maslatimba.com\/fr\/la-timba\/"]}]},{"@type":"BreadcrumbList","@id":"https:\/\/maslatimba.com\/fr\/la-timba\/#breadcrumb","itemListElement":[{"@type":"ListItem","position":1,"name":"Inici","item":"https:\/\/maslatimba.com\/fr\/accueil\/"},{"@type":"ListItem","position":2,"name":"La Timba"}]},{"@type":"WebSite","@id":"https:\/\/maslatimba.com\/fr\/#website","url":"https:\/\/maslatimba.com\/fr\/","name":"Mas La Timba","description":"L\u2019oli d\u2019oliva verge extra Mas La Timba \u00e9s un producte 100% natural, obtingut directament per extracci\u00f3 en fred.","publisher":{"@id":"https:\/\/maslatimba.com\/fr\/#organization"},"potentialAction":[{"@type":"SearchAction","target":{"@type":"EntryPoint","urlTemplate":"https:\/\/maslatimba.com\/fr\/?s={search_term_string}"},"query-input":"required name=search_term_string"}],"inLanguage":"fr-FR"},{"@type":"Organization","@id":"https:\/\/maslatimba.com\/fr\/#organization","name":"Mas La Timba","url":"https:\/\/maslatimba.com\/fr\/","logo":{"@type":"ImageObject","inLanguage":"fr-FR","@id":"https:\/\/maslatimba.com\/fr\/#\/schema\/logo\/image\/","url":"https:\/\/maslatimba.com\/wp-content\/uploads\/2020\/10\/Recurso-5.png","contentUrl":"https:\/\/maslatimba.com\/wp-content\/uploads\/2020\/10\/Recurso-5.png","width":400,"height":400,"caption":"Mas La Timba"},"image":{"@id":"https:\/\/maslatimba.com\/fr\/#\/schema\/logo\/image\/"},"sameAs":["https:\/\/www.instagram.com\/olimaslatimba\/"]}]}},"_links":{"self":[{"href":"https:\/\/maslatimba.com\/fr\/wp-json\/wp\/v2\/pages\/458"}],"collection":[{"href":"https:\/\/maslatimba.com\/fr\/wp-json\/wp\/v2\/pages"}],"about":[{"href":"https:\/\/maslatimba.com\/fr\/wp-json\/wp\/v2\/types\/page"}],"author":[{"embeddable":true,"href":"https:\/\/maslatimba.com\/fr\/wp-json\/wp\/v2\/users\/1"}],"replies":[{"embeddable":true,"href":"https:\/\/maslatimba.com\/fr\/wp-json\/wp\/v2\/comments?post=458"}],"version-history":[{"count":3,"href":"https:\/\/maslatimba.com\/fr\/wp-json\/wp\/v2\/pages\/458\/revisions"}],"predecessor-version":[{"id":461,"href":"https:\/\/maslatimba.com\/fr\/wp-json\/wp\/v2\/pages\/458\/revisions\/461"}],"wp:attachment":[{"href":"https:\/\/maslatimba.com\/fr\/wp-json\/wp\/v2\/media?parent=458"}],"curies":[{"name":"wp","href":"https:\/\/api.w.org\/{rel}","templated":true}]}}