{"id":477,"date":"2020-11-04T13:15:41","date_gmt":"2020-11-04T11:15:41","guid":{"rendered":"https:\/\/maslatimba.com\/producte\/3l-dhuile-dolive-extra-vierge-arbequina\/"},"modified":"2020-11-04T13:15:41","modified_gmt":"2020-11-04T11:15:41","slug":"3l-oli-doliva-arbequina-verge-extra","status":"publish","type":"product","link":"https:\/\/maslatimba.com\/fr\/producte\/3l-oli-doliva-arbequina-verge-extra\/","title":{"rendered":"3L d&rsquo;huile d&rsquo;olive extra vierge Arbequina"},"content":{"rendered":"","protected":false},"excerpt":{"rendered":"<p>Premi\u00e8re extraction en froid.<br \/>\nHuile d&rsquo;olive de cat\u00e9gorie sup\u00e9rieure obtenue par les olives arbequines de Riudoms.<\/p>\n","protected":false},"featured_media":403,"comment_status":"open","ping_status":"closed","template":"","meta":[],"product_cat":[35],"product_tag":[],"class_list":{"0":"post-477","1":"product","2":"type-product","3":"status-publish","4":"has-post-thumbnail","6":"product_cat-individuel","8":"first","9":"instock","10":"taxable","11":"shipping-taxable","12":"purchasable","13":"product-type-simple"},"yoast_head":"<!-- This site is optimized with the Yoast SEO plugin v23.3 - https:\/\/yoast.com\/wordpress\/plugins\/seo\/ -->\n<title>3L d&#039;huile d&#039;olive extra vierge Arbequina - Mas La Timba<\/title>\n<meta name=\"robots\" content=\"index, follow, max-snippet:-1, max-image-preview:large, max-video-preview:-1\" \/>\n<link rel=\"canonical\" href=\"https:\/\/maslatimba.com\/fr\/producte\/3l-oli-doliva-arbequina-verge-extra\/\" \/>\n<meta property=\"og:locale\" content=\"fr_FR\" \/>\n<meta property=\"og:type\" content=\"article\" \/>\n<meta property=\"og:title\" content=\"3L d&#039;huile d&#039;olive extra vierge Arbequina - Mas La Timba\" \/>\n<meta property=\"og:description\" content=\"Premi\u00e8re extraction en froid. Huile d&#039;olive de cat\u00e9gorie sup\u00e9rieure obtenue par les olives arbequines de Riudoms.\" \/>\n<meta property=\"og:url\" content=\"https:\/\/maslatimba.com\/fr\/producte\/3l-oli-doliva-arbequina-verge-extra\/\" \/>\n<meta property=\"og:site_name\" content=\"Mas La Timba\" \/>\n<meta name=\"twitter:card\" content=\"summary_large_image\" \/>\n<script type=\"application\/ld+json\" class=\"yoast-schema-graph\">{\"@context\":\"https:\/\/schema.org\",\"@graph\":[{\"@type\":\"WebPage\",\"@id\":\"https:\/\/maslatimba.com\/fr\/producte\/3l-oli-doliva-arbequina-verge-extra\/\",\"url\":\"https:\/\/maslatimba.com\/fr\/producte\/3l-oli-doliva-arbequina-verge-extra\/\",\"name\":\"3L d'huile d'olive extra vierge Arbequina - Mas La Timba\",\"isPartOf\":{\"@id\":\"https:\/\/maslatimba.com\/fr\/#website\"},\"primaryImageOfPage\":{\"@id\":\"https:\/\/maslatimba.com\/fr\/producte\/3l-oli-doliva-arbequina-verge-extra\/#primaryimage\"},\"image\":{\"@id\":\"https:\/\/maslatimba.com\/fr\/producte\/3l-oli-doliva-arbequina-verge-extra\/#primaryimage\"},\"thumbnailUrl\":\"https:\/\/maslatimba.com\/wp-content\/uploads\/2020\/11\/3L-final.jpg\",\"datePublished\":\"2020-11-04T11:15:41+00:00\",\"dateModified\":\"2020-11-04T11:15:41+00:00\",\"breadcrumb\":{\"@id\":\"https:\/\/maslatimba.com\/fr\/producte\/3l-oli-doliva-arbequina-verge-extra\/#breadcrumb\"},\"inLanguage\":\"fr-FR\",\"potentialAction\":[{\"@type\":\"ReadAction\",\"target\":[\"https:\/\/maslatimba.com\/fr\/producte\/3l-oli-doliva-arbequina-verge-extra\/\"]}]},{\"@type\":\"ImageObject\",\"inLanguage\":\"fr-FR\",\"@id\":\"https:\/\/maslatimba.com\/fr\/producte\/3l-oli-doliva-arbequina-verge-extra\/#primaryimage\",\"url\":\"https:\/\/maslatimba.com\/wp-content\/uploads\/2020\/11\/3L-final.jpg\",\"contentUrl\":\"https:\/\/maslatimba.com\/wp-content\/uploads\/2020\/11\/3L-final.jpg\",\"width\":1424,\"height\":1968},{\"@type\":\"BreadcrumbList\",\"@id\":\"https:\/\/maslatimba.com\/fr\/producte\/3l-oli-doliva-arbequina-verge-extra\/#breadcrumb\",\"itemListElement\":[{\"@type\":\"ListItem\",\"position\":1,\"name\":\"Inici\",\"item\":\"https:\/\/maslatimba.com\/fr\/accueil\/\"},{\"@type\":\"ListItem\",\"position\":2,\"name\":\"Magasin\",\"item\":\"https:\/\/maslatimba.com\/fr\/magasin\/\"},{\"@type\":\"ListItem\",\"position\":3,\"name\":\"3L d&rsquo;huile d&rsquo;olive extra vierge Arbequina\"}]},{\"@type\":\"WebSite\",\"@id\":\"https:\/\/maslatimba.com\/fr\/#website\",\"url\":\"https:\/\/maslatimba.com\/fr\/\",\"name\":\"Mas La Timba\",\"description\":\"L\u2019oli d\u2019oliva verge extra Mas La Timba \u00e9s un producte 100% natural, obtingut directament per extracci\u00f3 en fred.\",\"publisher\":{\"@id\":\"https:\/\/maslatimba.com\/fr\/#organization\"},\"potentialAction\":[{\"@type\":\"SearchAction\",\"target\":{\"@type\":\"EntryPoint\",\"urlTemplate\":\"https:\/\/maslatimba.com\/fr\/?s={search_term_string}\"},\"query-input\":\"required name=search_term_string\"}],\"inLanguage\":\"fr-FR\"},{\"@type\":\"Organization\",\"@id\":\"https:\/\/maslatimba.com\/fr\/#organization\",\"name\":\"Mas La Timba\",\"url\":\"https:\/\/maslatimba.com\/fr\/\",\"logo\":{\"@type\":\"ImageObject\",\"inLanguage\":\"fr-FR\",\"@id\":\"https:\/\/maslatimba.com\/fr\/#\/schema\/logo\/image\/\",\"url\":\"https:\/\/maslatimba.com\/wp-content\/uploads\/2020\/10\/Recurso-5.png\",\"contentUrl\":\"https:\/\/maslatimba.com\/wp-content\/uploads\/2020\/10\/Recurso-5.png\",\"width\":400,\"height\":400,\"caption\":\"Mas La Timba\"},\"image\":{\"@id\":\"https:\/\/maslatimba.com\/fr\/#\/schema\/logo\/image\/\"},\"sameAs\":[\"https:\/\/www.instagram.com\/olimaslatimba\/\"]}]}<\/script>\n<!-- \/ Yoast SEO plugin. -->","yoast_head_json":{"title":"3L d'huile d'olive extra vierge Arbequina - Mas La Timba","robots":{"index":"index","follow":"follow","max-snippet":"max-snippet:-1","max-image-preview":"max-image-preview:large","max-video-preview":"max-video-preview:-1"},"canonical":"https:\/\/maslatimba.com\/fr\/producte\/3l-oli-doliva-arbequina-verge-extra\/","og_locale":"fr_FR","og_type":"article","og_title":"3L d'huile d'olive extra vierge Arbequina - Mas La Timba","og_description":"Premi\u00e8re extraction en froid. Huile d'olive de cat\u00e9gorie sup\u00e9rieure obtenue par les olives arbequines de Riudoms.","og_url":"https:\/\/maslatimba.com\/fr\/producte\/3l-oli-doliva-arbequina-verge-extra\/","og_site_name":"Mas La Timba","twitter_card":"summary_large_image","schema":{"@context":"https:\/\/schema.org","@graph":[{"@type":"WebPage","@id":"https:\/\/maslatimba.com\/fr\/producte\/3l-oli-doliva-arbequina-verge-extra\/","url":"https:\/\/maslatimba.com\/fr\/producte\/3l-oli-doliva-arbequina-verge-extra\/","name":"3L d'huile d'olive extra vierge Arbequina - Mas La Timba","isPartOf":{"@id":"https:\/\/maslatimba.com\/fr\/#website"},"primaryImageOfPage":{"@id":"https:\/\/maslatimba.com\/fr\/producte\/3l-oli-doliva-arbequina-verge-extra\/#primaryimage"},"image":{"@id":"https:\/\/maslatimba.com\/fr\/producte\/3l-oli-doliva-arbequina-verge-extra\/#primaryimage"},"thumbnailUrl":"https:\/\/maslatimba.com\/wp-content\/uploads\/2020\/11\/3L-final.jpg","datePublished":"2020-11-04T11:15:41+00:00","dateModified":"2020-11-04T11:15:41+00:00","breadcrumb":{"@id":"https:\/\/maslatimba.com\/fr\/producte\/3l-oli-doliva-arbequina-verge-extra\/#breadcrumb"},"inLanguage":"fr-FR","potentialAction":[{"@type":"ReadAction","target":["https:\/\/maslatimba.com\/fr\/producte\/3l-oli-doliva-arbequina-verge-extra\/"]}]},{"@type":"ImageObject","inLanguage":"fr-FR","@id":"https:\/\/maslatimba.com\/fr\/producte\/3l-oli-doliva-arbequina-verge-extra\/#primaryimage","url":"https:\/\/maslatimba.com\/wp-content\/uploads\/2020\/11\/3L-final.jpg","contentUrl":"https:\/\/maslatimba.com\/wp-content\/uploads\/2020\/11\/3L-final.jpg","width":1424,"height":1968},{"@type":"BreadcrumbList","@id":"https:\/\/maslatimba.com\/fr\/producte\/3l-oli-doliva-arbequina-verge-extra\/#breadcrumb","itemListElement":[{"@type":"ListItem","position":1,"name":"Inici","item":"https:\/\/maslatimba.com\/fr\/accueil\/"},{"@type":"ListItem","position":2,"name":"Magasin","item":"https:\/\/maslatimba.com\/fr\/magasin\/"},{"@type":"ListItem","position":3,"name":"3L d&rsquo;huile d&rsquo;olive extra vierge Arbequina"}]},{"@type":"WebSite","@id":"https:\/\/maslatimba.com\/fr\/#website","url":"https:\/\/maslatimba.com\/fr\/","name":"Mas La Timba","description":"L\u2019oli d\u2019oliva verge extra Mas La Timba \u00e9s un producte 100% natural, obtingut directament per extracci\u00f3 en fred.","publisher":{"@id":"https:\/\/maslatimba.com\/fr\/#organization"},"potentialAction":[{"@type":"SearchAction","target":{"@type":"EntryPoint","urlTemplate":"https:\/\/maslatimba.com\/fr\/?s={search_term_string}"},"query-input":"required name=search_term_string"}],"inLanguage":"fr-FR"},{"@type":"Organization","@id":"https:\/\/maslatimba.com\/fr\/#organization","name":"Mas La Timba","url":"https:\/\/maslatimba.com\/fr\/","logo":{"@type":"ImageObject","inLanguage":"fr-FR","@id":"https:\/\/maslatimba.com\/fr\/#\/schema\/logo\/image\/","url":"https:\/\/maslatimba.com\/wp-content\/uploads\/2020\/10\/Recurso-5.png","contentUrl":"https:\/\/maslatimba.com\/wp-content\/uploads\/2020\/10\/Recurso-5.png","width":400,"height":400,"caption":"Mas La Timba"},"image":{"@id":"https:\/\/maslatimba.com\/fr\/#\/schema\/logo\/image\/"},"sameAs":["https:\/\/www.instagram.com\/olimaslatimba\/"]}]}},"_links":{"self":[{"href":"https:\/\/maslatimba.com\/fr\/wp-json\/wp\/v2\/product\/477"}],"collection":[{"href":"https:\/\/maslatimba.com\/fr\/wp-json\/wp\/v2\/product"}],"about":[{"href":"https:\/\/maslatimba.com\/fr\/wp-json\/wp\/v2\/types\/product"}],"replies":[{"embeddable":true,"href":"https:\/\/maslatimba.com\/fr\/wp-json\/wp\/v2\/comments?post=477"}],"wp:featuredmedia":[{"embeddable":true,"href":"https:\/\/maslatimba.com\/fr\/wp-json\/wp\/v2\/media\/403"}],"wp:attachment":[{"href":"https:\/\/maslatimba.com\/fr\/wp-json\/wp\/v2\/media?parent=477"}],"wp:term":[{"taxonomy":"product_cat","embeddable":true,"href":"https:\/\/maslatimba.com\/fr\/wp-json\/wp\/v2\/product_cat?post=477"},{"taxonomy":"product_tag","embeddable":true,"href":"https:\/\/maslatimba.com\/fr\/wp-json\/wp\/v2\/product_tag?post=477"}],"curies":[{"name":"wp","href":"https:\/\/api.w.org\/{rel}","templated":true}]}}